{"id":52,"date":"2023-03-12T07:47:52","date_gmt":"2023-03-12T05:47:52","guid":{"rendered":"http:\/\/uzmanlabcy.com\/?page_id=52"},"modified":"2023-07-20T11:49:04","modified_gmt":"2023-07-20T09:49:04","slug":"isbirlikleri","status":"publish","type":"page","link":"http:\/\/uzmanlabcy.com\/index.php\/isbirlikleri\/","title":{"rendered":"\u0130\u015fbirlikleri"},"content":{"rendered":"\n<h2 class=\"wp-block-heading\" style=\"font-size:28px\">\u0130\u015fbirlikleri<\/h2>\n\n\n\n<div style=\"height:56px\" aria-hidden=\"true\" class=\"wp-block-spacer\"><\/div>\n\n\n\n<p class=\"has-medium-font-size\"><strong>\u0130\u015fbirli\u011fi Yapt\u0131\u011f\u0131m\u0131z Markalar:<\/strong><\/p>\n\n\n\n<figure class=\"wp-block-gallery has-nested-images columns-6 wp-block-gallery-1 is-layout-flex wp-block-gallery-is-layout-flex\">\n<figure class=\"wp-block-image size-full\"><img loading=\"lazy\" decoding=\"async\" width=\"178\" height=\"102\" data-id=\"114\" src=\"http:\/\/uzmanlabcy.com\/wp-content\/uploads\/2023\/03\/Picture17.jpg\" alt=\"\" class=\"wp-image-114\"\/><\/figure>\n\n\n\n<figure class=\"wp-block-image size-full\"><img loading=\"lazy\" decoding=\"async\" width=\"254\" height=\"78\" data-id=\"113\" src=\"http:\/\/uzmanlabcy.com\/wp-content\/uploads\/2023\/03\/Picture16.png\" alt=\"\" class=\"wp-image-113\"\/><\/figure>\n\n\n\n<figure class=\"wp-block-image size-full\"><img loading=\"lazy\" decoding=\"async\" width=\"282\" height=\"179\" data-id=\"112\" src=\"http:\/\/uzmanlabcy.com\/wp-content\/uploads\/2023\/03\/Picture15.png\" alt=\"\" class=\"wp-image-112\"\/><\/figure>\n\n\n\n<figure class=\"wp-block-image size-full\"><img loading=\"lazy\" decoding=\"async\" width=\"200\" height=\"200\" data-id=\"111\" src=\"http:\/\/uzmanlabcy.com\/wp-content\/uploads\/2023\/03\/Picture14.jpg\" alt=\"\" class=\"wp-image-111\" srcset=\"http:\/\/uzmanlabcy.com\/wp-content\/uploads\/2023\/03\/Picture14.jpg 200w, http:\/\/uzmanlabcy.com\/wp-content\/uploads\/2023\/03\/Picture14-150x150.jpg 150w\" sizes=\"auto, (max-width: 200px) 100vw, 200px\" \/><\/figure>\n\n\n\n<figure class=\"wp-block-image size-full\"><img loading=\"lazy\" decoding=\"async\" width=\"339\" height=\"130\" data-id=\"110\" src=\"http:\/\/uzmanlabcy.com\/wp-content\/uploads\/2023\/03\/Picture13.png\" alt=\"\" class=\"wp-image-110\" srcset=\"http:\/\/uzmanlabcy.com\/wp-content\/uploads\/2023\/03\/Picture13.png 339w, http:\/\/uzmanlabcy.com\/wp-content\/uploads\/2023\/03\/Picture13-300x115.png 300w\" sizes=\"auto, (max-width: 339px) 100vw, 339px\" \/><\/figure>\n\n\n\n<figure class=\"wp-block-image size-full\"><img loading=\"lazy\" decoding=\"async\" width=\"150\" height=\"150\" data-id=\"109\" src=\"http:\/\/uzmanlabcy.com\/wp-content\/uploads\/2023\/03\/Picture12.jpg\" alt=\"\" class=\"wp-image-109\"\/><\/figure>\n\n\n\n<figure class=\"wp-block-image size-large\"><img loading=\"lazy\" decoding=\"async\" width=\"111\" height=\"90\" data-id=\"103\" src=\"http:\/\/uzmanlabcy.com\/wp-content\/uploads\/2023\/03\/Picture6.png\" alt=\"\" class=\"wp-image-103\"\/><\/figure>\n\n\n\n<figure class=\"wp-block-image size-full\"><img loading=\"lazy\" decoding=\"async\" width=\"345\" height=\"90\" data-id=\"104\" src=\"http:\/\/uzmanlabcy.com\/wp-content\/uploads\/2023\/03\/Picture7.png\" alt=\"\" class=\"wp-image-104\" srcset=\"http:\/\/uzmanlabcy.com\/wp-content\/uploads\/2023\/03\/Picture7.png 345w, http:\/\/uzmanlabcy.com\/wp-content\/uploads\/2023\/03\/Picture7-300x78.png 300w\" sizes=\"auto, (max-width: 345px) 100vw, 345px\" \/><\/figure>\n\n\n\n<figure class=\"wp-block-image size-full\"><img loading=\"lazy\" decoding=\"async\" width=\"271\" height=\"90\" data-id=\"105\" src=\"http:\/\/uzmanlabcy.com\/wp-content\/uploads\/2023\/03\/Picture8.jpg\" alt=\"\" class=\"wp-image-105\"\/><\/figure>\n\n\n\n<figure class=\"wp-block-image size-large\"><img loading=\"lazy\" decoding=\"async\" width=\"120\" height=\"90\" data-id=\"106\" src=\"http:\/\/uzmanlabcy.com\/wp-content\/uploads\/2023\/03\/Picture9.jpg\" alt=\"\" class=\"wp-image-106\"\/><\/figure>\n\n\n\n<figure class=\"wp-block-image size-large\"><img loading=\"lazy\" decoding=\"async\" width=\"90\" height=\"90\" data-id=\"107\" src=\"http:\/\/uzmanlabcy.com\/wp-content\/uploads\/2023\/03\/Picture10.jpg\" alt=\"\" class=\"wp-image-107\"\/><\/figure>\n\n\n\n<figure class=\"wp-block-image size-large\"><img loading=\"lazy\" decoding=\"async\" width=\"124\" height=\"124\" data-id=\"108\" src=\"http:\/\/uzmanlabcy.com\/wp-content\/uploads\/2023\/03\/Picture11.jpg\" alt=\"\" class=\"wp-image-108\"\/><\/figure>\n\n\n\n<figure class=\"wp-block-image size-full\"><img loading=\"lazy\" decoding=\"async\" width=\"342\" height=\"90\" data-id=\"102\" src=\"http:\/\/uzmanlabcy.com\/wp-content\/uploads\/2023\/03\/Picture5.png\" alt=\"\" class=\"wp-image-102\" srcset=\"http:\/\/uzmanlabcy.com\/wp-content\/uploads\/2023\/03\/Picture5.png 342w, http:\/\/uzmanlabcy.com\/wp-content\/uploads\/2023\/03\/Picture5-300x79.png 300w\" sizes=\"auto, (max-width: 342px) 100vw, 342px\" \/><\/figure>\n\n\n\n<figure class=\"wp-block-image size-full\"><img loading=\"lazy\" decoding=\"async\" width=\"271\" height=\"90\" data-id=\"101\" src=\"http:\/\/uzmanlabcy.com\/wp-content\/uploads\/2023\/03\/Picture4.png\" alt=\"\" class=\"wp-image-101\"\/><\/figure>\n\n\n\n<figure class=\"wp-block-image size-large\"><img loading=\"lazy\" decoding=\"async\" width=\"98\" height=\"98\" data-id=\"100\" src=\"http:\/\/uzmanlabcy.com\/wp-content\/uploads\/2023\/03\/Picture3.png\" alt=\"\" class=\"wp-image-100\"\/><\/figure>\n\n\n\n<figure class=\"wp-block-image size-full\"><img loading=\"lazy\" decoding=\"async\" width=\"262\" height=\"90\" data-id=\"99\" src=\"http:\/\/uzmanlabcy.com\/wp-content\/uploads\/2023\/03\/Picture2.png\" alt=\"\" class=\"wp-image-99\"\/><\/figure>\n\n\n\n<figure class=\"wp-block-image size-full\"><img loading=\"lazy\" decoding=\"async\" width=\"165\" height=\"90\" data-id=\"98\" src=\"http:\/\/uzmanlabcy.com\/wp-content\/uploads\/2023\/03\/Picture1.png\" alt=\"\" class=\"wp-image-98\"\/><\/figure>\n<\/figure>\n","protected":false},"excerpt":{"rendered":"<p>\u0130\u015fbirlikleri \u0130\u015fbirli\u011fi Yapt\u0131\u011f\u0131m\u0131z Markalar:<\/p>\n","protected":false},"author":1,"featured_media":0,"parent":0,"menu_order":0,"comment_status":"closed","ping_status":"closed","template":"","meta":{"neve_meta_sidebar":"","neve_meta_container":"","neve_meta_enable_content_width":"","neve_meta_content_width":0,"neve_meta_title_alignment":"","neve_meta_author_avatar":"","neve_post_elements_order":"","neve_meta_disable_header":"","neve_meta_disable_footer":"","neve_meta_disable_title":"","_themeisle_gutenberg_block_has_review":false,"footnotes":""},"class_list":["post-52","page","type-page","status-publish","hentry"],"_links":{"self":[{"href":"http:\/\/uzmanlabcy.com\/index.php\/wp-json\/wp\/v2\/pages\/52","targetHints":{"allow":["GET"]}}],"collection":[{"href":"http:\/\/uzmanlabcy.com\/index.php\/wp-json\/wp\/v2\/pages"}],"about":[{"href":"http:\/\/uzmanlabcy.com\/index.php\/wp-json\/wp\/v2\/types\/page"}],"author":[{"embeddable":true,"href":"http:\/\/uzmanlabcy.com\/index.php\/wp-json\/wp\/v2\/users\/1"}],"replies":[{"embeddable":true,"href":"http:\/\/uzmanlabcy.com\/index.php\/wp-json\/wp\/v2\/comments?post=52"}],"version-history":[{"count":5,"href":"http:\/\/uzmanlabcy.com\/index.php\/wp-json\/wp\/v2\/pages\/52\/revisions"}],"predecessor-version":[{"id":722,"href":"http:\/\/uzmanlabcy.com\/index.php\/wp-json\/wp\/v2\/pages\/52\/revisions\/722"}],"wp:attachment":[{"href":"http:\/\/uzmanlabcy.com\/index.php\/wp-json\/wp\/v2\/media?parent=52"}],"curies":[{"name":"wp","href":"https:\/\/api.w.org\/{rel}","templated":true}]}}