{"id":90,"date":"2023-03-16T06:29:24","date_gmt":"2023-03-16T04:29:24","guid":{"rendered":"http:\/\/uzmanlabcy.com\/?page_id=90"},"modified":"2023-07-20T11:50:47","modified_gmt":"2023-07-20T09:50:47","slug":"hakkimizda","status":"publish","type":"page","link":"https:\/\/uzmanlabcy.com\/index.php\/hakkimizda\/","title":{"rendered":"Hakk\u0131m\u0131zda"},"content":{"rendered":"\n<h2 class=\"wp-block-heading\" style=\"font-size:28px\">Hakk\u0131m\u0131zda<\/h2>\n\n\n\n<p>UZMAN LABORATUVARI 1995 y\u0131l\u0131nda, a\u00e7\u0131ld\u0131\u011f\u0131 \u015fehirde laboratuvar dal\u0131nda b\u00fcnyesinde ilk ve tek uzman bulunduran merkez olmas\u0131 nedeniyle bu ismi alm\u0131\u015ft\u0131r. \u015eu anda Lefko\u015fa\u2019da hizmet vermekte olan laboratuvar\u0131m\u0131z, insani de\u011ferleri y\u00fcksek, e\u011fitimli, deneyimli, i\u015fine vak\u0131f, kal\u0131c\u0131, g\u00fcler y\u00fczl\u00fc personeli ve tecr\u00fcbeli klinik biyokimya uzman\u0131 kadrosuyla en iyi hizmeti vermeye \u00e7al\u0131\u015fmaktad\u0131r. Laboratuvar\u0131m\u0131zda do\u011fru sonuca ula\u015fmak i\u00e7in testlerin tekrarlanarak teyit edilmesi ve gereklilik halinde her hastan\u0131n hekimiyle ileti\u015fim kurarak i\u015fbirli\u011fi sa\u011flanmas\u0131 prensibimizdir. Bu titizlikle temel amac\u0131m\u0131z; bilimsel geli\u015fmeler \u0131\u015f\u0131\u011f\u0131nda, \u00e7a\u011f\u0131n gerektirdi\u011fi teknolojik donan\u0131mla te\u015fhis, tedavi ve hastal\u0131klar\u0131n \u00f6nlenmesine yard\u0131mc\u0131 olmakt\u0131r.<\/p>\n\n\n\n<figure class=\"wp-block-gallery has-nested-images columns-default is-cropped wp-block-gallery-1 is-layout-flex wp-block-gallery-is-layout-flex\">\n<figure class=\"wp-block-image size-large\"><img loading=\"lazy\" decoding=\"async\" width=\"1024\" height=\"677\" data-id=\"522\" src=\"http:\/\/uzmanlabcy.com\/wp-content\/uploads\/2023\/04\/TVF_5621-1024x677.jpg\" alt=\"\" class=\"wp-image-522\" srcset=\"https:\/\/uzmanlabcy.com\/wp-content\/uploads\/2023\/04\/TVF_5621-1024x677.jpg 1024w, https:\/\/uzmanlabcy.com\/wp-content\/uploads\/2023\/04\/TVF_5621-300x198.jpg 300w, https:\/\/uzmanlabcy.com\/wp-content\/uploads\/2023\/04\/TVF_5621-768x508.jpg 768w, https:\/\/uzmanlabcy.com\/wp-content\/uploads\/2023\/04\/TVF_5621-1536x1015.jpg 1536w, https:\/\/uzmanlabcy.com\/wp-content\/uploads\/2023\/04\/TVF_5621-2048x1353.jpg 2048w\" sizes=\"auto, (max-width: 1024px) 100vw, 1024px\" \/><\/figure>\n\n\n\n<figure class=\"wp-block-image size-large\"><img loading=\"lazy\" decoding=\"async\" width=\"1024\" height=\"683\" data-id=\"520\" src=\"http:\/\/uzmanlabcy.com\/wp-content\/uploads\/2023\/04\/TVF_5613-1024x683.jpg\" alt=\"\" class=\"wp-image-520\" srcset=\"https:\/\/uzmanlabcy.com\/wp-content\/uploads\/2023\/04\/TVF_5613-1024x683.jpg 1024w, https:\/\/uzmanlabcy.com\/wp-content\/uploads\/2023\/04\/TVF_5613-300x200.jpg 300w, https:\/\/uzmanlabcy.com\/wp-content\/uploads\/2023\/04\/TVF_5613-768x512.jpg 768w, https:\/\/uzmanlabcy.com\/wp-content\/uploads\/2023\/04\/TVF_5613-1536x1024.jpg 1536w, https:\/\/uzmanlabcy.com\/wp-content\/uploads\/2023\/04\/TVF_5613-2048x1365.jpg 2048w, https:\/\/uzmanlabcy.com\/wp-content\/uploads\/2023\/04\/TVF_5613-930x620.jpg 930w\" sizes=\"auto, (max-width: 1024px) 100vw, 1024px\" \/><\/figure>\n<\/figure>\n\n\n\n<div style=\"height:100px\" aria-hidden=\"true\" class=\"wp-block-spacer\"><\/div>\n","protected":false},"excerpt":{"rendered":"<p>Hakk\u0131m\u0131zda UZMAN LABORATUVARI 1995 y\u0131l\u0131nda, a\u00e7\u0131ld\u0131\u011f\u0131 \u015fehirde laboratuvar dal\u0131nda b\u00fcnyesinde ilk ve tek uzman bulunduran merkez olmas\u0131 nedeniyle bu ismi alm\u0131\u015ft\u0131r. \u015eu anda Lefko\u015fa\u2019da hizmet vermekte olan laboratuvar\u0131m\u0131z, insani de\u011ferleri y\u00fcksek, e\u011fitimli, deneyimli, i\u015fine vak\u0131f, kal\u0131c\u0131, g\u00fcler y\u00fczl\u00fc personeli ve tecr\u00fcbeli klinik biyokimya uzman\u0131 kadrosuyla en iyi hizmeti vermeye \u00e7al\u0131\u015fmaktad\u0131r. Laboratuvar\u0131m\u0131zda do\u011fru sonuca ula\u015fmak i\u00e7in&hellip;&nbsp;<a href=\"https:\/\/uzmanlabcy.com\/index.php\/hakkimizda\/\" class=\"\" rel=\"bookmark\">Daha fazlas\u0131n\u0131 oku &raquo;<span class=\"screen-reader-text\">Hakk\u0131m\u0131zda<\/span><\/a><\/p>\n","protected":false},"author":1,"featured_media":0,"parent":0,"menu_order":0,"comment_status":"closed","ping_status":"closed","template":"","meta":{"neve_meta_sidebar":"","neve_meta_container":"","neve_meta_enable_content_width":"","neve_meta_content_width":0,"neve_meta_title_alignment":"","neve_meta_author_avatar":"","neve_post_elements_order":"","neve_meta_disable_header":"","neve_meta_disable_footer":"","neve_meta_disable_title":"","_themeisle_gutenberg_block_has_review":false,"footnotes":""},"class_list":["post-90","page","type-page","status-publish","hentry"],"_links":{"self":[{"href":"https:\/\/uzmanlabcy.com\/index.php\/wp-json\/wp\/v2\/pages\/90","targetHints":{"allow":["GET"]}}],"collection":[{"href":"https:\/\/uzmanlabcy.com\/index.php\/wp-json\/wp\/v2\/pages"}],"about":[{"href":"https:\/\/uzmanlabcy.com\/index.php\/wp-json\/wp\/v2\/types\/page"}],"author":[{"embeddable":true,"href":"https:\/\/uzmanlabcy.com\/index.php\/wp-json\/wp\/v2\/users\/1"}],"replies":[{"embeddable":true,"href":"https:\/\/uzmanlabcy.com\/index.php\/wp-json\/wp\/v2\/comments?post=90"}],"version-history":[{"count":4,"href":"https:\/\/uzmanlabcy.com\/index.php\/wp-json\/wp\/v2\/pages\/90\/revisions"}],"predecessor-version":[{"id":725,"href":"https:\/\/uzmanlabcy.com\/index.php\/wp-json\/wp\/v2\/pages\/90\/revisions\/725"}],"wp:attachment":[{"href":"https:\/\/uzmanlabcy.com\/index.php\/wp-json\/wp\/v2\/media?parent=90"}],"curies":[{"name":"wp","href":"https:\/\/api.w.org\/{rel}","templated":true}]}}