{"id":92,"date":"2023-03-16T06:54:48","date_gmt":"2023-03-16T04:54:48","guid":{"rendered":"http:\/\/uzmanlabcy.com\/?page_id=92"},"modified":"2023-08-01T14:44:32","modified_gmt":"2023-08-01T12:44:32","slug":"tibbi-tahliller","status":"publish","type":"page","link":"https:\/\/uzmanlabcy.com\/index.php\/tibbi-tahliller\/","title":{"rendered":"T\u0131bbi Tahliller"},"content":{"rendered":"\n<h2 class=\"wp-block-heading\" style=\"font-size:28px\">T\u0131bbi Tahliller<\/h2>\n\n\n\n<div id=\"wp-block-themeisle-blocks-accordion-3199efb0\" class=\"wp-block-themeisle-blocks-accordion exclusive\">\n<details open class=\"wp-block-themeisle-blocks-accordion-item\"><summary class=\"wp-block-themeisle-blocks-accordion-item__title\"><div><strong>B\u0130YOK\u0130MYA<\/strong><\/div><\/summary><div class=\"wp-block-themeisle-blocks-accordion-item__content\">\n<div class=\"wp-block-columns is-layout-flex wp-container-core-columns-is-layout-9d6595d7 wp-block-columns-is-layout-flex\">\n<div class=\"wp-block-column is-layout-flow wp-block-column-is-layout-flow\">\n<ul class=\"wp-block-list\">\n<li>A\u00e7l\u0131k Kan \u015eekeri<\/li>\n\n\n\n<li>Tokluk Kan \u015eekeri<\/li>\n\n\n\n<li>Oral Glukoz Tolerans Testi (50 gr, 75 gr, 100 gr)<\/li>\n\n\n\n<li>HbA1c<\/li>\n\n\n\n<li>Total Kolesterol<\/li>\n\n\n\n<li>HDL-C<\/li>\n\n\n\n<li>LDL-C<\/li>\n\n\n\n<li>VLDL-C<\/li>\n\n\n\n<li>Trigliserid<\/li>\n\n\n\n<li>\u00dcre\/BUN<\/li>\n\n\n\n<li>Kreatinin (kanda)<\/li>\n\n\n\n<li>Kreatinin (idrarda)<\/li>\n\n\n\n<li>Kreatinin Klerens<\/li>\n\n\n\n<li>\u00dcrik Asit<\/li>\n\n\n\n<li>Total Protein<\/li>\n\n\n\n<li>Albumin<\/li>\n\n\n\n<li>Globulin<\/li>\n\n\n\n<li>Mikroalbumin<\/li>\n\n\n\n<li>Total Protein (idrarda)<\/li>\n<\/ul>\n<\/div>\n\n\n\n<div class=\"wp-block-column is-layout-flow wp-block-column-is-layout-flow\">\n<ul class=\"wp-block-list\">\n<li>Total Bilirubin<\/li>\n\n\n\n<li>Direkt Bilirubin<\/li>\n\n\n\n<li>\u0130ndirekt Bilirubin<\/li>\n\n\n\n<li>Kalsiyum<\/li>\n\n\n\n<li>Magnezyum<\/li>\n\n\n\n<li>Fosfor<\/li>\n\n\n\n<li>Sodyum<\/li>\n\n\n\n<li>Potasyum<\/li>\n\n\n\n<li>Klor\u00fcr<\/li>\n\n\n\n<li>AST (SGOT)<\/li>\n\n\n\n<li>AST (SGOT)<\/li>\n\n\n\n<li>Alkalen Fosfataz<\/li>\n\n\n\n<li>LDH<\/li>\n\n\n\n<li>GGT<\/li>\n\n\n\n<li>CK<\/li>\n\n\n\n<li>Amilaz<\/li>\n\n\n\n<li>Lipaz<\/li>\n\n\n\n<li>Tam \u0130drar Tahlili<\/li>\n<\/ul>\n<\/div>\n<\/div>\n<\/div><\/details>\n\n\n\n<details class=\"wp-block-themeisle-blocks-accordion-item\"><summary class=\"wp-block-themeisle-blocks-accordion-item__title\"><div><strong>HEMATOLOJ\u0130<\/strong><\/div><\/summary><div class=\"wp-block-themeisle-blocks-accordion-item__content\">\n<div class=\"wp-block-columns is-layout-flex wp-container-core-columns-is-layout-9d6595d7 wp-block-columns-is-layout-flex\">\n<div class=\"wp-block-column is-layout-flow wp-block-column-is-layout-flow\" style=\"flex-basis:100%\">\n<div class=\"wp-block-columns is-layout-flex wp-container-core-columns-is-layout-9d6595d7 wp-block-columns-is-layout-flex\">\n<div class=\"wp-block-column is-layout-flow wp-block-column-is-layout-flow\">\n<ul class=\"wp-block-list\">\n<li>Kan Say\u0131m\u0131 (CBC)<\/li>\n\n\n\n<li>Sedimantasyon (ESR)<\/li>\n\n\n\n<li>Eosinifil Say\u0131m\u0131<\/li>\n\n\n\n<li>Ferritin<\/li>\n\n\n\n<li>Total Demir Ba\u011flama Kapasitesi<\/li>\n\n\n\n<li>Demir<\/li>\n<\/ul>\n<\/div>\n\n\n\n<div class=\"wp-block-column is-layout-flow wp-block-column-is-layout-flow\">\n<ul class=\"wp-block-list\">\n<li>Periferik Yayma<\/li>\n\n\n\n<li>Kan Grubu<\/li>\n\n\n\n<li>Retik\u00fclosit Say\u0131m\u0131<\/li>\n\n\n\n<li>Transferin Sat\u00fcrasyon<\/li>\n\n\n\n<li>Ansat\u00fcre Demir Ba\u011flama Kapasitesi<\/li>\n\n\n\n<li>\u0130ndirekt Coombs<\/li>\n<\/ul>\n<\/div>\n<\/div>\n<\/div>\n<\/div>\n<\/div><\/details>\n\n\n\n<details class=\"wp-block-themeisle-blocks-accordion-item\"><summary class=\"wp-block-themeisle-blocks-accordion-item__title\"><div><strong>KOAG\u00dcLASYON<\/strong><\/div><\/summary><div class=\"wp-block-themeisle-blocks-accordion-item__content\">\n<div class=\"wp-block-columns is-layout-flex wp-container-core-columns-is-layout-9d6595d7 wp-block-columns-is-layout-flex\">\n<div class=\"wp-block-column is-layout-flow wp-block-column-is-layout-flow\">\n<ul class=\"wp-block-list\">\n<li>Kanama Zaman\u0131<\/li>\n\n\n\n<li>Protrombin Zaman\u0131<\/li>\n\n\n\n<li>INR<\/li>\n<\/ul>\n<\/div>\n\n\n\n<div class=\"wp-block-column is-layout-flow wp-block-column-is-layout-flow\">\n<ul class=\"wp-block-list\">\n<li>P\u0131ht\u0131la\u015fma Zaman\u0131<\/li>\n\n\n\n<li>Protrombin Aktivitesi<\/li>\n\n\n\n<li>aPTT<\/li>\n<\/ul>\n<\/div>\n<\/div>\n<\/div><\/details>\n\n\n\n<details class=\"wp-block-themeisle-blocks-accordion-item\"><summary class=\"wp-block-themeisle-blocks-accordion-item__title\"><div><strong>HORMON<\/strong><\/div><\/summary><div class=\"wp-block-themeisle-blocks-accordion-item__content\">\n<ul class=\"wp-block-list\">\n<li>fT3<\/li>\n\n\n\n<li>fT4<\/li>\n\n\n\n<li>TSH<\/li>\n\n\n\n<li>FSH<\/li>\n\n\n\n<li>LH<\/li>\n\n\n\n<li>E2<\/li>\n\n\n\n<li>Prolaktin<\/li>\n\n\n\n<li>Progesteron<\/li>\n\n\n\n<li>Total Testosteron<\/li>\n\n\n\n<li>Serbest Testosteron<\/li>\n\n\n\n<li>Beta HCG<\/li>\n\n\n\n<li>\u0130ns\u00fclin<\/li>\n\n\n\n<li>\u0130ns\u00fclin Direnci (HOMA-IR)<\/li>\n\n\n\n<li>PTH<\/li>\n\n\n\n<li>Anti-TPO<\/li>\n\n\n\n<li>Anti-TG<\/li>\n\n\n\n<li>Tiroglobulin<\/li>\n\n\n\n<li>Kalsitonin<\/li>\n\n\n\n<li>Kortizol<\/li>\n\n\n\n<li>DHEA-SO4<\/li>\n<\/ul>\n<\/div><\/details>\n\n\n\n<details class=\"wp-block-themeisle-blocks-accordion-item\"><summary class=\"wp-block-themeisle-blocks-accordion-item__title\"><div><strong>M\u0130KROB\u0130YOLOJ\u0130<\/strong><\/div><\/summary><div class=\"wp-block-themeisle-blocks-accordion-item__content\">\n<ul class=\"wp-block-list\">\n<li>Amip Antijeni<\/li>\n\n\n\n<li>Giardia Antijeni<\/li>\n\n\n\n<li>Gaitada Parazit<\/li>\n\n\n\n<li>Gaita Mikroskopisi<\/li>\n\n\n\n<li>Mantar Taramas\u0131 (mikroskopik)<\/li>\n\n\n\n<li>Mantar K\u00fclt\u00fcr\u00fc<\/li>\n\n\n\n<li>Bo\u011faz K\u00fclt\u00fcr\u00fc<\/li>\n\n\n\n<li>\u0130drar K\u00fclt\u00fcr\u00fc<\/li>\n\n\n\n<li>Vaginal K\u00fclt\u00fcr<\/li>\n\n\n\n<li>Sperm K\u00fclt\u00fcr\u00fc<\/li>\n\n\n\n<li>\u00dcretral Ak\u0131nt\u0131 K\u00fclt\u00fcr\u00fc<\/li>\n\n\n\n<li>Gaita K\u00fclt\u00fcr\u00fc<\/li>\n\n\n\n<li>Yara K\u00fclt\u00fcr\u00fc<\/li>\n\n\n\n<li>Burun Ak\u0131nt\u0131 K\u00fclt\u00fcr\u00fc<\/li>\n\n\n\n<li>Akne K\u00fclt\u00fcr\u00fc<\/li>\n\n\n\n<li>Balgam K\u00fclt\u00fcr\u00fc<\/li>\n\n\n\n<li>Influenza A\/B (Domuz Gribi)<\/li>\n\n\n\n<li>Sars CoV2 (Covid 19) Antijeni<\/li>\n\n\n\n<li>Helico Bakter Pylori (gaitada)<\/li>\n\n\n\n<li>Helico Bakter Pylori (kanda)<\/li>\n<\/ul>\n<\/div><\/details>\n\n\n\n<details class=\"wp-block-themeisle-blocks-accordion-item\"><summary class=\"wp-block-themeisle-blocks-accordion-item__title\"><div><strong>T\u00dcM\u00d6R MARKERLER\u0130<\/strong><\/div><\/summary><div class=\"wp-block-themeisle-blocks-accordion-item__content\">\n<ul class=\"wp-block-list\">\n<li>CEA<\/li>\n\n\n\n<li>AFP<\/li>\n\n\n\n<li>Total PSA<\/li>\n\n\n\n<li>Serbest PSA<\/li>\n\n\n\n<li>CA 125<\/li>\n\n\n\n<li>CA 19-9<\/li>\n\n\n\n<li>CA 15-3<\/li>\n<\/ul>\n<\/div><\/details>\n\n\n\n<details class=\"wp-block-themeisle-blocks-accordion-item\"><summary class=\"wp-block-themeisle-blocks-accordion-item__title\"><div><strong>HEPAT\u0130T PANEL\u0130<\/strong><\/div><\/summary><div class=\"wp-block-themeisle-blocks-accordion-item__content\">\n<ul class=\"wp-block-list\">\n<li>Anti-HBs<\/li>\n\n\n\n<li>HBsAg<\/li>\n\n\n\n<li>Anti-HCV<\/li>\n\n\n\n<li>HIV<\/li>\n\n\n\n<li>Total HAV<\/li>\n\n\n\n<li>HAV IgM<\/li>\n\n\n\n<li>Syphilis<\/li>\n\n\n\n<li>Syphilis TPHA<\/li>\n<\/ul>\n<\/div><\/details>\n\n\n\n<details class=\"wp-block-themeisle-blocks-accordion-item\"><summary class=\"wp-block-themeisle-blocks-accordion-item__title\"><div><strong>KARD\u0130YAK PANEL<\/strong><\/div><\/summary><div class=\"wp-block-themeisle-blocks-accordion-item__content\">\n<ul class=\"wp-block-list\">\n<li>hs-Troponin I<\/li>\n\n\n\n<li>D-Dimer<\/li>\n<\/ul>\n<\/div><\/details>\n\n\n\n<details class=\"wp-block-themeisle-blocks-accordion-item\"><summary class=\"wp-block-themeisle-blocks-accordion-item__title\"><div><strong>TORCH PANEL\u0130<\/strong><\/div><\/summary><div class=\"wp-block-themeisle-blocks-accordion-item__content\">\n<ul class=\"wp-block-list\">\n<li>Toxoplasma IgM<\/li>\n\n\n\n<li>Toxoplasma IgG<\/li>\n\n\n\n<li>CMV IgM<\/li>\n\n\n\n<li>CMV IgG<\/li>\n\n\n\n<li>Rubella IgM<\/li>\n\n\n\n<li>Rubella IgG<\/li>\n\n\n\n<li>HSV Tip I IgM<\/li>\n\n\n\n<li>HSV Tip 1 IgG<\/li>\n\n\n\n<li>HSV Tip 2 IgM<\/li>\n\n\n\n<li>HSV Tip 2 IgG<\/li>\n<\/ul>\n<\/div><\/details>\n\n\n\n<details class=\"wp-block-themeisle-blocks-accordion-item\"><summary class=\"wp-block-themeisle-blocks-accordion-item__title\"><div><strong>SEROLOJ\u0130K TESTLER<\/strong><\/div><\/summary><div class=\"wp-block-themeisle-blocks-accordion-item__content\">\n<ul class=\"wp-block-list\">\n<li>Gruber Widal<\/li>\n\n\n\n<li>Brucella<\/li>\n\n\n\n<li>Monotest<\/li>\n\n\n\n<li>Weil Felix<\/li>\n\n\n\n<li>Strep. A H\u0131zl\u0131 Antijen<\/li>\n\n\n\n<li>Gaitada Gizli Kan<\/li>\n<\/ul>\n<\/div><\/details>\n\n\n\n<details class=\"wp-block-themeisle-blocks-accordion-item\"><summary class=\"wp-block-themeisle-blocks-accordion-item__title\"><div><strong>SPES\u0130F\u0130K PROTE\u0130NLER<\/strong><\/div><\/summary><div class=\"wp-block-themeisle-blocks-accordion-item__content\">\n<ul class=\"wp-block-list\">\n<li>ASO<\/li>\n\n\n\n<li>CRP<\/li>\n\n\n\n<li>RF<\/li>\n<\/ul>\n<\/div><\/details>\n\n\n\n<details class=\"wp-block-themeisle-blocks-accordion-item\"><summary class=\"wp-block-themeisle-blocks-accordion-item__title\"><div><strong>V\u0130TAM\u0130N ve \u0130LA\u00c7 D\u00dcZEYLER\u0130<\/strong><\/div><\/summary><div class=\"wp-block-themeisle-blocks-accordion-item__content\">\n<ul class=\"wp-block-list\">\n<li>25-OH Vitamin D3<\/li>\n\n\n\n<li>Vitamin B12<\/li>\n\n\n\n<li>Folik Asit<\/li>\n\n\n\n<li>Karbamazepin<\/li>\n\n\n\n<li>Valporik Asit<\/li>\n\n\n\n<li>Lityum<\/li>\n<\/ul>\n<\/div><\/details>\n\n\n\n<details class=\"wp-block-themeisle-blocks-accordion-item\"><summary class=\"wp-block-themeisle-blocks-accordion-item__title\"><div><strong>FERT\u0130L\u0130TE TESTLER\u0130<\/strong><\/div><\/summary><div class=\"wp-block-themeisle-blocks-accordion-item__content\">\n<ul class=\"wp-block-list\">\n<li>Hormon Testleri<\/li>\n\n\n\n<li>Spermogram<\/li>\n<\/ul>\n<\/div><\/details>\n\n\n\n<details class=\"wp-block-themeisle-blocks-accordion-item\"><summary class=\"wp-block-themeisle-blocks-accordion-item__title\"><div><strong>GIDA \u0130NTOLERANSI<\/strong><\/div><\/summary><div class=\"wp-block-themeisle-blocks-accordion-item__content\">\n<p>Sa\u00e7\/k\u0131l \u00f6rne\u011finden ac\u0131s\u0131z, a\u011fr\u0131s\u0131z olarak 340 farkl\u0131 g\u0131daya kar\u015f\u0131 intolerans \u00f6l\u00e7\u00fcm\u00fc yap\u0131lmaktad\u0131r.<\/p>\n<\/div><\/details>\n\n\n\n<details class=\"wp-block-themeisle-blocks-accordion-item\"><summary class=\"wp-block-themeisle-blocks-accordion-item__title\"><div><strong>ALERJ\u0130 PANEL\u0130<\/strong><\/div><\/summary><div class=\"wp-block-themeisle-blocks-accordion-item__content\">\n<ul class=\"wp-block-list\">\n<li>Total IgE<\/li>\n\n\n\n<li>Inhalant Spesifik IgE<\/li>\n\n\n\n<li>G\u0131da Spesifik IgE<\/li>\n<\/ul>\n<\/div><\/details>\n<\/div>\n","protected":false},"excerpt":{"rendered":"<p>T\u0131bbi Tahliller<\/p>\n","protected":false},"author":1,"featured_media":0,"parent":0,"menu_order":0,"comment_status":"closed","ping_status":"closed","template":"","meta":{"neve_meta_sidebar":"","neve_meta_container":"","neve_meta_enable_content_width":"","neve_meta_content_width":0,"neve_meta_title_alignment":"","neve_meta_author_avatar":"","neve_post_elements_order":"","neve_meta_disable_header":"","neve_meta_disable_footer":"","neve_meta_disable_title":"","_themeisle_gutenberg_block_has_review":false,"footnotes":""},"class_list":["post-92","page","type-page","status-publish","hentry"],"_links":{"self":[{"href":"https:\/\/uzmanlabcy.com\/index.php\/wp-json\/wp\/v2\/pages\/92","targetHints":{"allow":["GET"]}}],"collection":[{"href":"https:\/\/uzmanlabcy.com\/index.php\/wp-json\/wp\/v2\/pages"}],"about":[{"href":"https:\/\/uzmanlabcy.com\/index.php\/wp-json\/wp\/v2\/types\/page"}],"author":[{"embeddable":true,"href":"https:\/\/uzmanlabcy.com\/index.php\/wp-json\/wp\/v2\/users\/1"}],"replies":[{"embeddable":true,"href":"https:\/\/uzmanlabcy.com\/index.php\/wp-json\/wp\/v2\/comments?post=92"}],"version-history":[{"count":25,"href":"https:\/\/uzmanlabcy.com\/index.php\/wp-json\/wp\/v2\/pages\/92\/revisions"}],"predecessor-version":[{"id":806,"href":"https:\/\/uzmanlabcy.com\/index.php\/wp-json\/wp\/v2\/pages\/92\/revisions\/806"}],"wp:attachment":[{"href":"https:\/\/uzmanlabcy.com\/index.php\/wp-json\/wp\/v2\/media?parent=92"}],"curies":[{"name":"wp","href":"https:\/\/api.w.org\/{rel}","templated":true}]}}